{"id":467,"date":"2018-07-04T20:41:28","date_gmt":"2018-07-04T20:41:28","guid":{"rendered":"https:\/\/www.reimann-kahl.de\/?page_id=467"},"modified":"2018-08-29T13:30:47","modified_gmt":"2018-08-29T13:30:47","slug":"maeanderbiegeanlagen","status":"publish","type":"page","link":"https:\/\/www.reimann-kahl.de\/de_de\/maeanderbiegeanlagen\/","title":{"rendered":"M\u00e4anderbiegeanlagen"},"content":{"rendered":"\n<style type=\"text\/css\" data-created_by=\"avia_inline_auto\" id=\"style-css-av-3im2e-242ba41b32a5cfb2614078fdaf78b45b\">\n.flex_column.av-3im2e-242ba41b32a5cfb2614078fdaf78b45b{\nborder-radius:0px 0px 0px 0px;\npadding:0px 0px 0px 0px;\n}\n<\/style>\n<div  class='flex_column av-3im2e-242ba41b32a5cfb2614078fdaf78b45b av_one_full  avia-builder-el-0  el_before_av_one_full  avia-builder-el-first  first flex_column_div av-zero-column-padding  '     ><p>\n<style type=\"text\/css\" data-created_by=\"avia_inline_auto\" id=\"style-css-av-jj7l2prn-5913527b17f6bf7d08626892ef4023d0\">\n#top .av-special-heading.av-jj7l2prn-5913527b17f6bf7d08626892ef4023d0{\npadding-bottom:10px;\n}\nbody .av-special-heading.av-jj7l2prn-5913527b17f6bf7d08626892ef4023d0 .av-special-heading-tag .heading-char{\nfont-size:25px;\n}\n.av-special-heading.av-jj7l2prn-5913527b17f6bf7d08626892ef4023d0 .av-subheading{\nfont-size:15px;\n}\n<\/style>\n<div  class='av-special-heading av-jj7l2prn-5913527b17f6bf7d08626892ef4023d0 av-special-heading-h3 blockquote modern-quote modern-centered  avia-builder-el-1  el_before_av_hr  avia-builder-el-first '><h3 class='av-special-heading-tag '  itemprop=\"headline\"  >M\u00e4anderbiegeanlagen<\/h3><div class=\"special-heading-border\"><div class=\"special-heading-inner-border\"><\/div><\/div><\/div><br \/>\n\n<style type=\"text\/css\" data-created_by=\"avia_inline_auto\" id=\"style-css-av-jj7k9ny1-0806777d8c862fc619d968c134fccfa3\">\n#top .hr.av-jj7k9ny1-0806777d8c862fc619d968c134fccfa3{\nmargin-top:30px;\nmargin-bottom:30px;\n}\n.hr.av-jj7k9ny1-0806777d8c862fc619d968c134fccfa3 .hr-inner{\nwidth:50px;\nborder-color:#01458c;\n}\n<\/style>\n<div  class='hr av-jj7k9ny1-0806777d8c862fc619d968c134fccfa3 hr-custom  avia-builder-el-2  el_after_av_heading  avia-builder-el-last  hr-center hr-icon-no'><span class='hr-inner inner-border-av-border-fat'><span class=\"hr-inner-style\"><\/span><\/span><\/div><\/p><\/div>\n\n<style type=\"text\/css\" data-created_by=\"avia_inline_auto\" id=\"style-css-av-2tct2-e85de799b8009091357dc8af4fd8f27d\">\n.flex_column.av-2tct2-e85de799b8009091357dc8af4fd8f27d{\nborder-radius:0px 0px 0px 0px;\npadding:0px 0px 0px 0px;\n}\n<\/style>\n<div  class='flex_column av-2tct2-e85de799b8009091357dc8af4fd8f27d av_one_full  avia-builder-el-3  el_after_av_one_full  avia-builder-el-last  first flex_column_div av-zero-column-padding  column-top-margin'     ><section  class='av_textblock_section av-jj7kc7y6-059f82aae7c457738c2ba93ac56620e0 '   itemscope=\"itemscope\" itemtype=\"https:\/\/schema.org\/CreativeWork\" ><div class='avia_textblock'  itemprop=\"text\" ><p style=\"text-align: center;\">Unsere Biegeanlagen sind aus eigenem Maschinenbau mit patentierter Biegetechnik.<\/p>\n<p style=\"text-align: center;\">Alle Anlagen k\u00f6nnen standardm\u00e4\u00dfig die Rohrgr\u00f6\u00dfen 8, 10 und 12 mm verarbeiten.<\/p>\n<p style=\"text-align: center;\">Die gr\u00f6\u00dfte Anlage kann M\u00e4ander bis zu einem Format von 5600 x 2500 mm herstellen und das endlos vom Coil!<\/p>\n<\/div><\/section><br \/>\n<div  class='avia-slideshow av-jj7kdyex-cc08624009df5581b4dbdfe127a18d84 avia-slideshow-gallery av_slideshow avia-slide-slider  avia-builder-el-5  el_after_av_textblock  avia-builder-el-last  av-slideshow-ui av-control-default av-slideshow-autoplay av-loop-endless av-loop-manual-endless av-default-height-applied avia-slideshow-1' data-slideshow-options=\"{&quot;animation&quot;:&quot;slide&quot;,&quot;autoplay&quot;:true,&quot;loop_autoplay&quot;:&quot;endless&quot;,&quot;interval&quot;:5,&quot;loop_manual&quot;:&quot;manual-endless&quot;,&quot;autoplay_stopper&quot;:false,&quot;noNavigation&quot;:false,&quot;bg_slider&quot;:false,&quot;keep_padding&quot;:false,&quot;hoverpause&quot;:false,&quot;show_slide_delay&quot;:0}\"  itemprop=\"image\" itemscope=\"itemscope\" itemtype=\"https:\/\/schema.org\/ImageObject\" ><ul class='avia-slideshow-inner ' style='padding-bottom: 75.0295857988%;'><li  class='avia-slideshow-slide av-jj7kdyex-cc08624009df5581b4dbdfe127a18d84__0  slide-1 slide-odd'><div data-rel='slideshow-1' class='avia-slide-wrap '   ><img decoding=\"async\" fetchpriority=\"high\" class=\"wp-image-11 avia-img-lazy-loading-not-11\"  src=\"https:\/\/www.reimann-kahl.de\/wp-content\/uploads\/2010\/06\/Biegemaschine.jpg\" width=\"845\" height=\"634\" title='Biegemaschine' alt=''  itemprop=\"thumbnailUrl\" srcset=\"https:\/\/www.reimann-kahl.de\/wp-content\/uploads\/2010\/06\/Biegemaschine.jpg 1600w, https:\/\/www.reimann-kahl.de\/wp-content\/uploads\/2010\/06\/Biegemaschine-300x225.jpg 300w, https:\/\/www.reimann-kahl.de\/wp-content\/uploads\/2010\/06\/Biegemaschine-1024x768.jpg 1024w\" sizes=\"(max-width: 845px) 100vw, 845px\" \/><\/div><\/li><li  class='avia-slideshow-slide av-jj7kdyex-cc08624009df5581b4dbdfe127a18d84__1  slide-2 slide-even'><div data-rel='slideshow-1' class='avia-slide-wrap '   ><img decoding=\"async\" fetchpriority=\"high\" class=\"wp-image-538 avia-img-lazy-loading-not-538\"  src=\"https:\/\/www.reimann-kahl.de\/wp-content\/uploads\/2018\/08\/P6050004-845x684.jpg\" width=\"845\" height=\"684\" title='OLYMPUS DIGITAL CAMERA' alt=''  itemprop=\"thumbnailUrl\" srcset=\"https:\/\/www.reimann-kahl.de\/wp-content\/uploads\/2018\/08\/P6050004-845x684.jpg 845w, https:\/\/www.reimann-kahl.de\/wp-content\/uploads\/2018\/08\/P6050004-495x400.jpg 495w\" sizes=\"(max-width: 845px) 100vw, 845px\" \/><\/div><\/li><li  class='avia-slideshow-slide av-jj7kdyex-cc08624009df5581b4dbdfe127a18d84__2  slide-3 slide-odd'><div data-rel='slideshow-1' class='avia-slide-wrap '   ><img decoding=\"async\" fetchpriority=\"high\" class=\"wp-image-13 avia-img-lazy-loading-not-13\"  src=\"https:\/\/www.reimann-kahl.de\/wp-content\/uploads\/2010\/06\/PC120001.jpg\" width=\"845\" height=\"634\" title='PC120001' alt=''  itemprop=\"thumbnailUrl\" srcset=\"https:\/\/www.reimann-kahl.de\/wp-content\/uploads\/2010\/06\/PC120001.jpg 1600w, https:\/\/www.reimann-kahl.de\/wp-content\/uploads\/2010\/06\/PC120001-300x225.jpg 300w, https:\/\/www.reimann-kahl.de\/wp-content\/uploads\/2010\/06\/PC120001-1024x768.jpg 1024w\" sizes=\"(max-width: 845px) 100vw, 845px\" \/><\/div><\/li><li  class='avia-slideshow-slide av-jj7kdyex-cc08624009df5581b4dbdfe127a18d84__3  slide-4 slide-even'><div data-rel='slideshow-1' class='avia-slide-wrap '   ><img decoding=\"async\" fetchpriority=\"high\" class=\"wp-image-539 avia-img-lazy-loading-not-539\"  src=\"https:\/\/www.reimann-kahl.de\/wp-content\/uploads\/2018\/08\/P6050008-845x684.jpg\" width=\"845\" height=\"684\" title='OLYMPUS DIGITAL CAMERA' alt=''  itemprop=\"thumbnailUrl\" srcset=\"https:\/\/www.reimann-kahl.de\/wp-content\/uploads\/2018\/08\/P6050008-845x684.jpg 845w, https:\/\/www.reimann-kahl.de\/wp-content\/uploads\/2018\/08\/P6050008-495x400.jpg 495w\" sizes=\"(max-width: 845px) 100vw, 845px\" \/><\/div><\/li><\/ul><div class='avia-slideshow-arrows avia-slideshow-controls' ><a href='#prev' class='prev-slide ' aria-hidden='true' data-av_icon='\ue87c' data-av_iconfont='entypo-fontello'  tabindex='-1'>Zur\u00fcck<\/a><a href='#next' class='next-slide ' aria-hidden='true' data-av_icon='\ue87d' data-av_iconfont='entypo-fontello'  tabindex='-1'>Weiter<\/a><\/div><div class='avia-slideshow-dots avia-slideshow-controls'><a href='#1' class='goto-slide active' >1<\/a><a href='#2' class='goto-slide ' >2<\/a><a href='#3' class='goto-slide ' >3<\/a><a href='#4' class='goto-slide ' >4<\/a><\/div><\/div><\/p><\/div>\n","protected":false},"excerpt":{"rendered":"","protected":false},"author":3,"featured_media":0,"parent":0,"menu_order":1,"comment_status":"open","ping_status":"closed","template":"","meta":{"footnotes":""},"class_list":["post-467","page","type-page","status-publish","hentry"],"yoast_head":"<!-- This site is optimized with the Yoast SEO plugin v27.4 - https:\/\/yoast.com\/product\/yoast-seo-wordpress\/ -->\n<title>Reimann und Kahl Rohrkomponenten GmbH - M\u00e4anderbiegeanlagen<\/title>\n<meta name=\"robots\" content=\"index, follow, max-snippet:-1, max-image-preview:large, max-video-preview:-1\" \/>\n<link rel=\"canonical\" href=\"https:\/\/www.reimann-kahl.de\/de_de\/maeanderbiegeanlagen\/\" \/>\n<meta property=\"og:locale\" content=\"de_DE\" \/>\n<meta property=\"og:type\" content=\"article\" \/>\n<meta property=\"og:title\" content=\"Reimann und Kahl Rohrkomponenten GmbH - M\u00e4anderbiegeanlagen\" \/>\n<meta property=\"og:url\" content=\"https:\/\/www.reimann-kahl.de\/de_de\/maeanderbiegeanlagen\/\" \/>\n<meta property=\"og:site_name\" content=\"Reimann und Kahl Rohrkomponenten GmbH\" \/>\n<meta property=\"article:modified_time\" content=\"2018-08-29T13:30:47+00:00\" \/>\n<meta name=\"twitter:card\" content=\"summary_large_image\" \/>\n<meta name=\"twitter:label1\" content=\"Gesch\u00e4tzte Lesezeit\" \/>\n\t<meta name=\"twitter:data1\" content=\"3\u00a0Minuten\" \/>\n<script type=\"application\/ld+json\" class=\"yoast-schema-graph\">{\"@context\":\"https:\\\/\\\/schema.org\",\"@graph\":[{\"@type\":\"WebPage\",\"@id\":\"https:\\\/\\\/www.reimann-kahl.de\\\/de_de\\\/maeanderbiegeanlagen\\\/\",\"url\":\"https:\\\/\\\/www.reimann-kahl.de\\\/de_de\\\/maeanderbiegeanlagen\\\/\",\"name\":\"Reimann und Kahl Rohrkomponenten GmbH - M\u00e4anderbiegeanlagen\",\"isPartOf\":{\"@id\":\"https:\\\/\\\/www.reimann-kahl.de\\\/de_de\\\/#website\"},\"datePublished\":\"2018-07-04T20:41:28+00:00\",\"dateModified\":\"2018-08-29T13:30:47+00:00\",\"breadcrumb\":{\"@id\":\"https:\\\/\\\/www.reimann-kahl.de\\\/de_de\\\/maeanderbiegeanlagen\\\/#breadcrumb\"},\"inLanguage\":\"de\",\"potentialAction\":[{\"@type\":\"ReadAction\",\"target\":[\"https:\\\/\\\/www.reimann-kahl.de\\\/de_de\\\/maeanderbiegeanlagen\\\/\"]}]},{\"@type\":\"BreadcrumbList\",\"@id\":\"https:\\\/\\\/www.reimann-kahl.de\\\/de_de\\\/maeanderbiegeanlagen\\\/#breadcrumb\",\"itemListElement\":[{\"@type\":\"ListItem\",\"position\":1,\"name\":\"Startseite\",\"item\":\"https:\\\/\\\/www.reimann-kahl.de\\\/de_de\\\/\"},{\"@type\":\"ListItem\",\"position\":2,\"name\":\"M\u00e4anderbiegeanlagen\"}]},{\"@type\":\"WebSite\",\"@id\":\"https:\\\/\\\/www.reimann-kahl.de\\\/de_de\\\/#website\",\"url\":\"https:\\\/\\\/www.reimann-kahl.de\\\/de_de\\\/\",\"name\":\"Reimann und Kahl Rohrkomponenten GmbH\",\"description\":\"Basisprodukte f\u00fcr die Solarthermie\",\"publisher\":{\"@id\":\"https:\\\/\\\/www.reimann-kahl.de\\\/de_de\\\/#organization\"},\"potentialAction\":[{\"@type\":\"SearchAction\",\"target\":{\"@type\":\"EntryPoint\",\"urlTemplate\":\"https:\\\/\\\/www.reimann-kahl.de\\\/de_de\\\/?s={search_term_string}\"},\"query-input\":{\"@type\":\"PropertyValueSpecification\",\"valueRequired\":true,\"valueName\":\"search_term_string\"}}],\"inLanguage\":\"de\"},{\"@type\":\"Organization\",\"@id\":\"https:\\\/\\\/www.reimann-kahl.de\\\/de_de\\\/#organization\",\"name\":\"Reimann und Kahl Rohrkomponenten GmbH\",\"url\":\"https:\\\/\\\/www.reimann-kahl.de\\\/de_de\\\/\",\"logo\":{\"@type\":\"ImageObject\",\"inLanguage\":\"de\",\"@id\":\"https:\\\/\\\/www.reimann-kahl.de\\\/de_de\\\/#\\\/schema\\\/logo\\\/image\\\/\",\"url\":\"https:\\\/\\\/www.reimann-kahl.de\\\/wp-content\\\/uploads\\\/2018\\\/07\\\/logo2.png\",\"contentUrl\":\"https:\\\/\\\/www.reimann-kahl.de\\\/wp-content\\\/uploads\\\/2018\\\/07\\\/logo2.png\",\"width\":1459,\"height\":198,\"caption\":\"Reimann und Kahl Rohrkomponenten GmbH\"},\"image\":{\"@id\":\"https:\\\/\\\/www.reimann-kahl.de\\\/de_de\\\/#\\\/schema\\\/logo\\\/image\\\/\"}}]}<\/script>\n<!-- \/ Yoast SEO plugin. -->","yoast_head_json":{"title":"Reimann und Kahl Rohrkomponenten GmbH - M\u00e4anderbiegeanlagen","robots":{"index":"index","follow":"follow","max-snippet":"max-snippet:-1","max-image-preview":"max-image-preview:large","max-video-preview":"max-video-preview:-1"},"canonical":"https:\/\/www.reimann-kahl.de\/de_de\/maeanderbiegeanlagen\/","og_locale":"de_DE","og_type":"article","og_title":"Reimann und Kahl Rohrkomponenten GmbH - M\u00e4anderbiegeanlagen","og_url":"https:\/\/www.reimann-kahl.de\/de_de\/maeanderbiegeanlagen\/","og_site_name":"Reimann und Kahl Rohrkomponenten GmbH","article_modified_time":"2018-08-29T13:30:47+00:00","twitter_card":"summary_large_image","twitter_misc":{"Gesch\u00e4tzte Lesezeit":"3\u00a0Minuten"},"schema":{"@context":"https:\/\/schema.org","@graph":[{"@type":"WebPage","@id":"https:\/\/www.reimann-kahl.de\/de_de\/maeanderbiegeanlagen\/","url":"https:\/\/www.reimann-kahl.de\/de_de\/maeanderbiegeanlagen\/","name":"Reimann und Kahl Rohrkomponenten GmbH - M\u00e4anderbiegeanlagen","isPartOf":{"@id":"https:\/\/www.reimann-kahl.de\/de_de\/#website"},"datePublished":"2018-07-04T20:41:28+00:00","dateModified":"2018-08-29T13:30:47+00:00","breadcrumb":{"@id":"https:\/\/www.reimann-kahl.de\/de_de\/maeanderbiegeanlagen\/#breadcrumb"},"inLanguage":"de","potentialAction":[{"@type":"ReadAction","target":["https:\/\/www.reimann-kahl.de\/de_de\/maeanderbiegeanlagen\/"]}]},{"@type":"BreadcrumbList","@id":"https:\/\/www.reimann-kahl.de\/de_de\/maeanderbiegeanlagen\/#breadcrumb","itemListElement":[{"@type":"ListItem","position":1,"name":"Startseite","item":"https:\/\/www.reimann-kahl.de\/de_de\/"},{"@type":"ListItem","position":2,"name":"M\u00e4anderbiegeanlagen"}]},{"@type":"WebSite","@id":"https:\/\/www.reimann-kahl.de\/de_de\/#website","url":"https:\/\/www.reimann-kahl.de\/de_de\/","name":"Reimann und Kahl Rohrkomponenten GmbH","description":"Basisprodukte f\u00fcr die Solarthermie","publisher":{"@id":"https:\/\/www.reimann-kahl.de\/de_de\/#organization"},"potentialAction":[{"@type":"SearchAction","target":{"@type":"EntryPoint","urlTemplate":"https:\/\/www.reimann-kahl.de\/de_de\/?s={search_term_string}"},"query-input":{"@type":"PropertyValueSpecification","valueRequired":true,"valueName":"search_term_string"}}],"inLanguage":"de"},{"@type":"Organization","@id":"https:\/\/www.reimann-kahl.de\/de_de\/#organization","name":"Reimann und Kahl Rohrkomponenten GmbH","url":"https:\/\/www.reimann-kahl.de\/de_de\/","logo":{"@type":"ImageObject","inLanguage":"de","@id":"https:\/\/www.reimann-kahl.de\/de_de\/#\/schema\/logo\/image\/","url":"https:\/\/www.reimann-kahl.de\/wp-content\/uploads\/2018\/07\/logo2.png","contentUrl":"https:\/\/www.reimann-kahl.de\/wp-content\/uploads\/2018\/07\/logo2.png","width":1459,"height":198,"caption":"Reimann und Kahl Rohrkomponenten GmbH"},"image":{"@id":"https:\/\/www.reimann-kahl.de\/de_de\/#\/schema\/logo\/image\/"}}]}},"_links":{"self":[{"href":"https:\/\/www.reimann-kahl.de\/de_de\/wp-json\/wp\/v2\/pages\/467","targetHints":{"allow":["GET"]}}],"collection":[{"href":"https:\/\/www.reimann-kahl.de\/de_de\/wp-json\/wp\/v2\/pages"}],"about":[{"href":"https:\/\/www.reimann-kahl.de\/de_de\/wp-json\/wp\/v2\/types\/page"}],"author":[{"embeddable":true,"href":"https:\/\/www.reimann-kahl.de\/de_de\/wp-json\/wp\/v2\/users\/3"}],"replies":[{"embeddable":true,"href":"https:\/\/www.reimann-kahl.de\/de_de\/wp-json\/wp\/v2\/comments?post=467"}],"version-history":[{"count":4,"href":"https:\/\/www.reimann-kahl.de\/de_de\/wp-json\/wp\/v2\/pages\/467\/revisions"}],"predecessor-version":[{"id":537,"href":"https:\/\/www.reimann-kahl.de\/de_de\/wp-json\/wp\/v2\/pages\/467\/revisions\/537"}],"wp:attachment":[{"href":"https:\/\/www.reimann-kahl.de\/de_de\/wp-json\/wp\/v2\/media?parent=467"}],"curies":[{"name":"wp","href":"https:\/\/api.w.org\/{rel}","templated":true}]}}