{"id":355,"date":"2018-06-30T10:10:27","date_gmt":"2018-06-30T10:10:27","guid":{"rendered":"https:\/\/www.reimann-kahl.de\/?page_id=355"},"modified":"2024-09-20T13:36:02","modified_gmt":"2024-09-20T11:36:02","slug":"impressum","status":"publish","type":"page","link":"https:\/\/www.reimann-kahl.de\/de_de\/impressum\/","title":{"rendered":"Impressum"},"content":{"rendered":"\n<style type=\"text\/css\" data-created_by=\"avia_inline_auto\" id=\"style-css-av-7et7n-5dc67ca6e9b76242f9b371ae104ffd1f\">\n#top .av-special-heading.av-7et7n-5dc67ca6e9b76242f9b371ae104ffd1f{\npadding-bottom:10px;\n}\nbody .av-special-heading.av-7et7n-5dc67ca6e9b76242f9b371ae104ffd1f .av-special-heading-tag .heading-char{\nfont-size:25px;\n}\n.av-special-heading.av-7et7n-5dc67ca6e9b76242f9b371ae104ffd1f .av-subheading{\nfont-size:15px;\n}\n<\/style>\n<div  class='av-special-heading av-7et7n-5dc67ca6e9b76242f9b371ae104ffd1f av-special-heading-h3  avia-builder-el-0  el_before_av_textblock  avia-builder-el-first '><h3 class='av-special-heading-tag '  itemprop=\"headline\"  >Impressum<\/h3><div class=\"special-heading-border\"><div class=\"special-heading-inner-border\"><\/div><\/div><\/div>\n<section  class='av_textblock_section av-asgub-3153df01a6729c963976dfb697e5e914 '   itemscope=\"itemscope\" itemtype=\"https:\/\/schema.org\/CreativeWork\" ><div class='avia_textblock'  itemprop=\"text\" ><p>Reimann\u00a0&amp; Kahl<br \/>\nRohrkomponenten GmbH<\/p>\n<p>Am D\u00e4mmig 8<\/p>\n<p>37339 Teistungen<\/p>\n<p>Deutschland<\/p>\n<p>Tel.: 036071 91710<br \/>\nFax: 036071 91711<\/p>\n<p>Mail:\u00a0<a href=\"mailto:info@reimann-kahl.de\">info@reimann-kahl.de<\/a><\/p>\n<p><strong>vertreten durch:<\/strong><\/p>\n<p>Gesch\u00e4ftsf\u00fchrer: Peter Reimann, Karl-Heinz Kahl<\/p>\n<p>Ust.-ID: DE813710983<\/p>\n<p>Register: M\u00fchlhausen<\/p>\n<p>Kammer: IHK Erfurt<\/p>\n<\/div><\/section>\n<section  class='av_textblock_section av-m1ammc61-2f6255751ce6836660480a59d88d907b '   itemscope=\"itemscope\" itemtype=\"https:\/\/schema.org\/CreativeWork\" ><div class='avia_textblock'  itemprop=\"text\" ><p><strong>Haftungsbeschr\u00e4nkung f\u00fcr Inhalte der Website<\/strong><\/p>\n<p>Der Verantwortliche der vorbezeichneten Website \u00fcbernimmt keine Haftung auf Aktualit\u00e4t, Richtigkeit und Vollst\u00e4ndigkeit der auf dieser Website zur Verf\u00fcgung gestellten Inhalte. Dies gilt nicht, wenn dem Verantwortlichen vors\u00e4tzliches oder grob fahrl\u00e4ssiges Verhalten vorzuwerfen ist. Die Inhalte wurden mit der gr\u00f6\u00dftm\u00f6glichen Sorgfalt und nach bestem Gewissen erstellt. Dennoch kann die inhaltliche Richtigkeit, insbesondere bei komplexen Themen nicht gew\u00e4hrleistet werden, so dass der Verantwortliche den Nutzern empfiehlt, bei wichtigen Informationen bei den zust\u00e4ndigen Stellen anzufragen oder rechtliche Beratung in Anspruch zu nehmen.<\/p>\n<p style=\"font-weight: 400;\">Namentlich gekennzeichnete Beitr\u00e4ge, die auf der Website \u00f6ffentlich zug\u00e4nglich gemacht werden, geben die Meinung des jeweiligen Autors und nicht immer die Meinung des Website-Betreibers wieder.<\/p>\n<p style=\"font-weight: 400;\">Sofern kostenpflichtige oder kostenlose und frei zug\u00e4ngliche Inhalte oder Dienste auf der Website zur Verf\u00fcgung gestellt werden, handelt es sich dabei um unverbindliche Invitatio ad offerendum, welche lediglich zur Abgabe eines Angebots durch den Nutzer aufrufen und selbst kein verbindliches Angebot darstellen.<\/p>\n<p style=\"font-weight: 400;\">Gem\u00e4\u00df \u00a7\u00a7 7 ff. DDG ist der Website-Betreiber f\u00fcr fremde Inhalte, die er f\u00fcr einen Nutzer ver\u00f6ffentlicht, au\u00dfer in den gesetzlich genannten Ausnahmef\u00e4llen nicht verantwortlich, sofern er keine Kenntnis von der rechtswidrigen Handlung oder der Information hat und ihm im Falle von Schadensersatzanspr\u00fcchen auch keine Tatsachen oder Umst\u00e4nde bekannt sind, aus denen die rechtswidrige Handlung oder die Information offensichtlich wird, oder er unverz\u00fcglich t\u00e4tig geworden ist, um die Information zu entfernen oder den Zugang zu ihr zu sperren, sobald er diese Kenntnis erlangt hat.<\/p>\n<p style=\"font-weight: 400;\">Eine diesbez\u00fcgliche Haftung ist somit erst ab dem Zeitpunkt der Kenntniserlangung einer konkreten Rechtsverletzung m\u00f6glich.<\/p>\n<p style=\"font-weight: 400;\">Erlangt der Website-Betreiber Kenntnis von solchen rechtswidrigen Inhalten, werden diese unverz\u00fcglich entfernt.<\/p>\n<p style=\"font-weight: 400;\"><strong>Haftung f\u00fcr ausgehende Links<\/strong><\/p>\n<p style=\"font-weight: 400;\">Der Website-Betreiber verlinkt von seiner Website auf fremde Websites. Durch diese sog. \u201eHyperlinks\u201c wird der Nutzer direkt auf die fremde Website geleitet. Das Setzen von sog. \u201eHyperlinks\u201c bedeutet nicht, dass sich der Website-Betreiber die hinter dem Link liegenden Inhalte zu Eigen macht. Der Website-Betreiber hat dabei keinerlei Einfluss auf die Informationen der fremden Website. Daher kann keine Haftung f\u00fcr die Aktualit\u00e4t, Richtigkeit und Vollst\u00e4ndigkeit der Inhalte der fremden Website \u00fcbernommen werden.<\/p>\n<p style=\"font-weight: 400;\">F\u00fcr die Inhalte ist ausschlie\u00dflich der jeweilige Anbieter oder Betreiber der verlinkten Website verantwortlich.<\/p>\n<p style=\"font-weight: 400;\">Der Website-Betreiber versichert jedoch, dass ihm zum Zeitpunkt des Setzens der Verlinkung keinerlei rechtliche Verst\u00f6\u00dfe bekannt waren und er die fremde Website im Rahmen des Zumutbaren gepr\u00fcft hat.<\/p>\n<p style=\"font-weight: 400;\">Solange keine konkreten Anhaltspunkte einer Rechtsverletzung vorliegen, ist eine permanente inhaltliche Kontrolle der verlinkten Website f\u00fcr den Website-Betreiber nicht zumutbar.<\/p>\n<p style=\"font-weight: 400;\">Erh\u00e4lt der Website-Betreiber Kenntnis von der Rechtswidrigkeit der verlinkten Inhalte, wird der entsprechende Link unverz\u00fcglich entfernt.<\/p>\n<p style=\"font-weight: 400;\"><strong>Urheberrechte<\/strong><\/p>\n<p style=\"font-weight: 400;\">Die auf dieser Webseite ver\u00f6ffentlichten Inhalte unterliegen dem deutschen Urheberrecht und Leistungsschutzrecht.<\/p>\n<p style=\"font-weight: 400;\">Als Urheber i. S. v. \u00a7 7 UrhG stehen dem Website-Betreiber die alleinigen und ausschlie\u00dflichen Verwertungsrechte gem\u00e4\u00df \u00a7\u00a7 15 ff. UrhG zu. Eine Vervielf\u00e4ltigung oder Verwendung s\u00e4mtlicher Inhalte der Website in fremden elektronischen oder gedruckten Medien ist ohne vorherige Zustimmung des Website-Betreibers untersagt und wird ggf. verfolgt.<\/p>\n<p style=\"font-weight: 400;\">Inhalte, die nicht vom Website-Betreiber erstellt wurden, sind als solche gekennzeichnet. Die Urheberrechte Dritter werden beachtet.<\/p>\n<p style=\"font-weight: 400;\">Sollten Sie dennoch auf eine Urheberrechtsverletzung aufmerksam werden, wird um einen entsprechenden Hinweis an den Website-Betreiber gebeten. Der Website-Betreiber wird derartige Inhalte dann umgehend entfernen.<\/p>\n<p style=\"font-weight: 400;\"><strong>Datenschutz<\/strong><\/p>\n<p style=\"font-weight: 400;\">Die Website kann grunds\u00e4tzlich ohne Eingabe von personenbezogenen Daten wie z. B. Name oder E-Mail-Adresse genutzt werden. Es werden keine personenbezogenen Daten gespeichert.<\/p>\n<p style=\"font-weight: 400;\">Sollte die M\u00f6glichkeit der Eingabe solcher Daten bestehen, so erfolgt die Mitteilung dieser Daten auf freiwilliger Basis durch den Nutzer. Eine Weitergabe dieser Daten an Dritte ist ohne die ausdr\u00fcckliche Zustimmung durch den Nutzer ausgeschlossen.<\/p>\n<p style=\"font-weight: 400;\">Ein l\u00fcckenloser Schutz der \u00fcbermittelten Daten vor dem Zugriff durch unbefugte Dritte ist jedoch nicht m\u00f6glich, da es im Bereich der Daten\u00fcbermittlung im Internet zu Sicherheitsl\u00fccken kommen kann. Der Website-Betreiber versucht jedoch, die Gefahr des unbefugten Zugriffs durch geeignete Ma\u00dfnahmen zu unterbinden und im Falle der Kenntnis von einer Sicherheitsl\u00fccke diese durch geeignete Ma\u00dfnahmen zu schlie\u00dfen.<\/p>\n<p style=\"font-weight: 400;\">Der Website-Betreiber \u00fcbernimmt keine Haftung f\u00fcr Sch\u00e4den, die durch solche Sicherheitsverletzungen entstehen.<\/p>\n<p style=\"font-weight: 400;\">Wenn Sie die Website besuchen, erhebt der Website-Betreiber die Daten, die technisch erforderlich sind, um Ihnen die Website anzuzeigen und die Stabilit\u00e4t und Sicherheit zu gew\u00e4hrleisten (IP-Adresse, Datum und Uhrzeit der Anfrage, Browser etc.). Diese Erhebung personenbezogenen Daten stellt keine Auswertung personenbezogener Daten dar.<\/p>\n<p style=\"font-weight: 400;\">Der Nutzung der im Impressum ver\u00f6ffentlichten Kontaktdaten durch Dritte zur \u00dcbersendung von nicht ausdr\u00fccklich gew\u00fcnschter Werbung, insbesondere Spam-Mails, wird widersprochen und im Falle der Nichtbeachtung ggf. mit rechtlichen Schritten verfolgt.<\/p>\n<\/div><\/section>\n","protected":false},"excerpt":{"rendered":"","protected":false},"author":3,"featured_media":0,"parent":0,"menu_order":0,"comment_status":"closed","ping_status":"closed","template":"","meta":{"footnotes":""},"class_list":["post-355","page","type-page","status-publish","hentry"],"yoast_head":"<!-- This site is optimized with the Yoast SEO plugin v27.4 - https:\/\/yoast.com\/product\/yoast-seo-wordpress\/ -->\n<title>Reimann und Kahl Rohrkomponenten GmbH - Impressum<\/title>\n<meta name=\"robots\" content=\"noindex, follow\" \/>\n<meta property=\"og:locale\" content=\"de_DE\" \/>\n<meta property=\"og:type\" content=\"article\" \/>\n<meta property=\"og:title\" content=\"Reimann und Kahl Rohrkomponenten GmbH - Impressum\" \/>\n<meta property=\"og:url\" content=\"https:\/\/www.reimann-kahl.de\/de_de\/impressum\/\" \/>\n<meta property=\"og:site_name\" content=\"Reimann und Kahl Rohrkomponenten GmbH\" \/>\n<meta property=\"article:modified_time\" content=\"2024-09-20T11:36:02+00:00\" \/>\n<meta name=\"twitter:card\" content=\"summary_large_image\" \/>\n<meta name=\"twitter:label1\" content=\"Gesch\u00e4tzte Lesezeit\" \/>\n\t<meta name=\"twitter:data1\" content=\"5\u00a0Minuten\" \/>\n<script type=\"application\/ld+json\" class=\"yoast-schema-graph\">{\"@context\":\"https:\\\/\\\/schema.org\",\"@graph\":[{\"@type\":\"WebPage\",\"@id\":\"https:\\\/\\\/www.reimann-kahl.de\\\/impressum\\\/\",\"url\":\"https:\\\/\\\/www.reimann-kahl.de\\\/impressum\\\/\",\"name\":\"Reimann und Kahl Rohrkomponenten GmbH - Impressum\",\"isPartOf\":{\"@id\":\"https:\\\/\\\/www.reimann-kahl.de\\\/de_de\\\/#website\"},\"datePublished\":\"2018-06-30T10:10:27+00:00\",\"dateModified\":\"2024-09-20T11:36:02+00:00\",\"breadcrumb\":{\"@id\":\"https:\\\/\\\/www.reimann-kahl.de\\\/impressum\\\/#breadcrumb\"},\"inLanguage\":\"de\",\"potentialAction\":[{\"@type\":\"ReadAction\",\"target\":[\"https:\\\/\\\/www.reimann-kahl.de\\\/impressum\\\/\"]}]},{\"@type\":\"BreadcrumbList\",\"@id\":\"https:\\\/\\\/www.reimann-kahl.de\\\/impressum\\\/#breadcrumb\",\"itemListElement\":[{\"@type\":\"ListItem\",\"position\":1,\"name\":\"Startseite\",\"item\":\"https:\\\/\\\/www.reimann-kahl.de\\\/de_de\\\/\"},{\"@type\":\"ListItem\",\"position\":2,\"name\":\"Impressum\"}]},{\"@type\":\"WebSite\",\"@id\":\"https:\\\/\\\/www.reimann-kahl.de\\\/de_de\\\/#website\",\"url\":\"https:\\\/\\\/www.reimann-kahl.de\\\/de_de\\\/\",\"name\":\"Reimann und Kahl Rohrkomponenten GmbH\",\"description\":\"Basisprodukte f\u00fcr die Solarthermie\",\"publisher\":{\"@id\":\"https:\\\/\\\/www.reimann-kahl.de\\\/de_de\\\/#organization\"},\"potentialAction\":[{\"@type\":\"SearchAction\",\"target\":{\"@type\":\"EntryPoint\",\"urlTemplate\":\"https:\\\/\\\/www.reimann-kahl.de\\\/de_de\\\/?s={search_term_string}\"},\"query-input\":{\"@type\":\"PropertyValueSpecification\",\"valueRequired\":true,\"valueName\":\"search_term_string\"}}],\"inLanguage\":\"de\"},{\"@type\":\"Organization\",\"@id\":\"https:\\\/\\\/www.reimann-kahl.de\\\/de_de\\\/#organization\",\"name\":\"Reimann und Kahl Rohrkomponenten GmbH\",\"url\":\"https:\\\/\\\/www.reimann-kahl.de\\\/de_de\\\/\",\"logo\":{\"@type\":\"ImageObject\",\"inLanguage\":\"de\",\"@id\":\"https:\\\/\\\/www.reimann-kahl.de\\\/de_de\\\/#\\\/schema\\\/logo\\\/image\\\/\",\"url\":\"https:\\\/\\\/www.reimann-kahl.de\\\/wp-content\\\/uploads\\\/2018\\\/07\\\/logo2.png\",\"contentUrl\":\"https:\\\/\\\/www.reimann-kahl.de\\\/wp-content\\\/uploads\\\/2018\\\/07\\\/logo2.png\",\"width\":1459,\"height\":198,\"caption\":\"Reimann und Kahl Rohrkomponenten GmbH\"},\"image\":{\"@id\":\"https:\\\/\\\/www.reimann-kahl.de\\\/de_de\\\/#\\\/schema\\\/logo\\\/image\\\/\"}}]}<\/script>\n<!-- \/ Yoast SEO plugin. -->","yoast_head_json":{"title":"Reimann und Kahl Rohrkomponenten GmbH - Impressum","robots":{"index":"noindex","follow":"follow"},"og_locale":"de_DE","og_type":"article","og_title":"Reimann und Kahl Rohrkomponenten GmbH - Impressum","og_url":"https:\/\/www.reimann-kahl.de\/de_de\/impressum\/","og_site_name":"Reimann und Kahl Rohrkomponenten GmbH","article_modified_time":"2024-09-20T11:36:02+00:00","twitter_card":"summary_large_image","twitter_misc":{"Gesch\u00e4tzte Lesezeit":"5\u00a0Minuten"},"schema":{"@context":"https:\/\/schema.org","@graph":[{"@type":"WebPage","@id":"https:\/\/www.reimann-kahl.de\/impressum\/","url":"https:\/\/www.reimann-kahl.de\/impressum\/","name":"Reimann und Kahl Rohrkomponenten GmbH - Impressum","isPartOf":{"@id":"https:\/\/www.reimann-kahl.de\/de_de\/#website"},"datePublished":"2018-06-30T10:10:27+00:00","dateModified":"2024-09-20T11:36:02+00:00","breadcrumb":{"@id":"https:\/\/www.reimann-kahl.de\/impressum\/#breadcrumb"},"inLanguage":"de","potentialAction":[{"@type":"ReadAction","target":["https:\/\/www.reimann-kahl.de\/impressum\/"]}]},{"@type":"BreadcrumbList","@id":"https:\/\/www.reimann-kahl.de\/impressum\/#breadcrumb","itemListElement":[{"@type":"ListItem","position":1,"name":"Startseite","item":"https:\/\/www.reimann-kahl.de\/de_de\/"},{"@type":"ListItem","position":2,"name":"Impressum"}]},{"@type":"WebSite","@id":"https:\/\/www.reimann-kahl.de\/de_de\/#website","url":"https:\/\/www.reimann-kahl.de\/de_de\/","name":"Reimann und Kahl Rohrkomponenten GmbH","description":"Basisprodukte f\u00fcr die Solarthermie","publisher":{"@id":"https:\/\/www.reimann-kahl.de\/de_de\/#organization"},"potentialAction":[{"@type":"SearchAction","target":{"@type":"EntryPoint","urlTemplate":"https:\/\/www.reimann-kahl.de\/de_de\/?s={search_term_string}"},"query-input":{"@type":"PropertyValueSpecification","valueRequired":true,"valueName":"search_term_string"}}],"inLanguage":"de"},{"@type":"Organization","@id":"https:\/\/www.reimann-kahl.de\/de_de\/#organization","name":"Reimann und Kahl Rohrkomponenten GmbH","url":"https:\/\/www.reimann-kahl.de\/de_de\/","logo":{"@type":"ImageObject","inLanguage":"de","@id":"https:\/\/www.reimann-kahl.de\/de_de\/#\/schema\/logo\/image\/","url":"https:\/\/www.reimann-kahl.de\/wp-content\/uploads\/2018\/07\/logo2.png","contentUrl":"https:\/\/www.reimann-kahl.de\/wp-content\/uploads\/2018\/07\/logo2.png","width":1459,"height":198,"caption":"Reimann und Kahl Rohrkomponenten GmbH"},"image":{"@id":"https:\/\/www.reimann-kahl.de\/de_de\/#\/schema\/logo\/image\/"}}]}},"_links":{"self":[{"href":"https:\/\/www.reimann-kahl.de\/de_de\/wp-json\/wp\/v2\/pages\/355","targetHints":{"allow":["GET"]}}],"collection":[{"href":"https:\/\/www.reimann-kahl.de\/de_de\/wp-json\/wp\/v2\/pages"}],"about":[{"href":"https:\/\/www.reimann-kahl.de\/de_de\/wp-json\/wp\/v2\/types\/page"}],"author":[{"embeddable":true,"href":"https:\/\/www.reimann-kahl.de\/de_de\/wp-json\/wp\/v2\/users\/3"}],"replies":[{"embeddable":true,"href":"https:\/\/www.reimann-kahl.de\/de_de\/wp-json\/wp\/v2\/comments?post=355"}],"version-history":[{"count":6,"href":"https:\/\/www.reimann-kahl.de\/de_de\/wp-json\/wp\/v2\/pages\/355\/revisions"}],"predecessor-version":[{"id":616,"href":"https:\/\/www.reimann-kahl.de\/de_de\/wp-json\/wp\/v2\/pages\/355\/revisions\/616"}],"wp:attachment":[{"href":"https:\/\/www.reimann-kahl.de\/de_de\/wp-json\/wp\/v2\/media?parent=355"}],"curies":[{"name":"wp","href":"https:\/\/api.w.org\/{rel}","templated":true}]}}