{"id":29,"date":"2010-06-04T10:43:56","date_gmt":"2010-06-04T10:43:56","guid":{"rendered":"https:\/\/www.reimann-kahl.de\/?page_id=29"},"modified":"2018-08-25T09:41:00","modified_gmt":"2018-08-25T09:41:00","slug":"haftungsausschluss","status":"publish","type":"page","link":"https:\/\/www.reimann-kahl.de\/de_de\/haftungsausschluss\/","title":{"rendered":"Haftungsausschluss"},"content":{"rendered":"\n<style type=\"text\/css\" data-created_by=\"avia_inline_auto\" id=\"style-css-av-av_heading-dacda6aba3573beb50e2b65f39671bdd\">\n#top .av-special-heading.av-av_heading-dacda6aba3573beb50e2b65f39671bdd{\npadding-bottom:10px;\n}\nbody .av-special-heading.av-av_heading-dacda6aba3573beb50e2b65f39671bdd .av-special-heading-tag .heading-char{\nfont-size:25px;\n}\n.av-special-heading.av-av_heading-dacda6aba3573beb50e2b65f39671bdd .av-subheading{\nfont-size:15px;\n}\n<\/style>\n<div  class='av-special-heading av-av_heading-dacda6aba3573beb50e2b65f39671bdd av-special-heading-h3  avia-builder-el-0  el_before_av_textblock  avia-builder-el-first '><h3 class='av-special-heading-tag '  itemprop=\"headline\"  >Haftungsausschluss<\/h3><div class=\"special-heading-border\"><div class=\"special-heading-inner-border\"><\/div><\/div><\/div>\n<section  class='av_textblock_section av-sb8h-4381cf4beb7a99b5dad4772500c48548 '   itemscope=\"itemscope\" itemtype=\"https:\/\/schema.org\/CreativeWork\" ><div class='avia_textblock'  itemprop=\"text\" ><p><!--:de--><strong>1. Inhalt des Onlineangebotes<\/strong><br \/>\nWir \u00fcbernehmen keinerlei Gew\u00e4hr f\u00fcr die Aktualit\u00e4t, Korrektheit, Vollst\u00e4ndigkeit oder Qualit\u00e4t der bereitgestellten Informationen. Haftungsanspr\u00fcche gegen uns, welche sich auf Sch\u00e4den materieller oder ideeller Art beziehen, die durch die Nutzung oder Nichtnutzung der dargebotenen Informationen bzw. durch die Nutzung fehlerhafter und unvollst\u00e4ndiger Informationen verursacht wurden sind grunds\u00e4tzlich ausgeschlossen, sofern unsererseits kein nachweislich vors\u00e4tzliches oder grob fahrl\u00e4ssiges Verschulden vorliegt.<\/p>\n<p><strong>2. Verweise und Links<\/strong><br \/>\nWir erkl\u00e4ren ausdr\u00fccklich, dass zum Zeitpunkt der Linksetzung die entsprechenden verlinkten Seiten frei von illegalen Inhalten waren. Auf die aktuelle und zuk\u00fcnftige Gestaltung, die Inhalte oder die Urheberschaft der gelinkten\/verkn\u00fcpften Seiten hat der Site-Betreiber keinerlei Einfluss. Deshalb distanziert sich der Site-Betreiber hiermit ausdr\u00fccklich von allen Inhalten aller gelinkten \/verkn\u00fcpften Seiten, die nach der Linksetzung ver\u00e4ndert wurden. Diese Feststellung gilt f\u00fcr alle innerhalb des eigenen Internetangebotes gesetzten Links und Verweise sowie f\u00fcr Fremdeintr\u00e4ge in den von uns eingerichteten G\u00e4steb\u00fcchern, Diskussionsforen und Mailinglisten. Diese Erkl\u00e4rung gilt f\u00fcr alle auf der Website angezeigten Links und f\u00fcr alle Inhalte der Seiten, zu denen die bei ihr angemeldeten Banner und Links f\u00fchren.<\/p>\n<p><strong>3. Urheber- und Kennzeichenrecht<\/strong><br \/>\nDer Websitebetreiber ist bestrebt, in allen Publikationen die Urheberrechte der verwendeten Grafiken, Tondokumente, Videosequenzen und Texte zu beachten, von ihr selbst erstellte Grafiken, Tondokumente, Videosequenzen und Texte zu nutzen oder auf lizenzfreie Grafiken, Tondokumente, Videosequenzen und Texte zur\u00fcckzugreifen.<\/p>\n<p>Alle innerhalb des Internetangebotes genannten und ggf. durch Dritte gesch\u00fctzten Marken- und Warenzeichen unterliegen uneingeschr\u00e4nkt den Bestimmungen des jeweils g\u00fcltigen Kennzeichenrechts und den Besitzrechten der jeweiligen eingetragenen Eigent\u00fcmer. Allein aufgrund der blo\u00dfen Nennung ist nicht der Schlu\u00df zu ziehen, dass Markenzeichen nicht durch Rechte Dritter gesch\u00fctzt sind!<\/p>\n<p>Das Copyright f\u00fcr ver\u00f6ffentlichte, vom Site-Betreiber selbst erstellte Objekte bleibt allein beim Site-Betreiber. Eine Vervielf\u00e4ltigung oder Verwendung solcher Grafiken, Tondokumente, Videosequenzen und Texte in anderen elektronischen oder gedruckten Publikationen ist ohne ausdr\u00fcckliche Zustimmung vom Site-Betreiber nicht gestattet.<\/p>\n<p><strong>4. Rechtswirksamkeit dieses Haftungsausschlusses<\/strong><br \/>\nDieser Haftungsausschluss ist als Teil des Internetangebotes zu betrachten, von dem aus auf diese Seite verwiesen wurde. Sofern Teile oder einzelne Formulierungen dieses Textes der geltenden Rechtslage nicht, nicht mehr oder nicht vollst\u00e4ndig entsprechen sollten, bleiben die \u00fcbrigen Teile des Dokumentes in ihrem Inhalt und ihrer G\u00fcltigkeit davon unber\u00fchrt.<!--:--><!--:en--><\/p>\n<\/div><\/section>\n","protected":false},"excerpt":{"rendered":"","protected":false},"author":3,"featured_media":0,"parent":0,"menu_order":0,"comment_status":"closed","ping_status":"closed","template":"","meta":{"footnotes":""},"class_list":["post-29","page","type-page","status-publish","hentry"],"yoast_head":"<!-- This site is optimized with the Yoast SEO plugin v27.4 - https:\/\/yoast.com\/product\/yoast-seo-wordpress\/ -->\n<title>Reimann und Kahl Rohrkomponenten GmbH - Haftungsausschluss<\/title>\n<meta name=\"robots\" content=\"noindex, follow\" \/>\n<meta property=\"og:locale\" content=\"de_DE\" \/>\n<meta property=\"og:type\" content=\"article\" \/>\n<meta property=\"og:title\" content=\"Reimann und Kahl Rohrkomponenten GmbH - Haftungsausschluss\" \/>\n<meta property=\"og:url\" content=\"https:\/\/www.reimann-kahl.de\/de_de\/haftungsausschluss\/\" \/>\n<meta property=\"og:site_name\" content=\"Reimann und Kahl Rohrkomponenten GmbH\" \/>\n<meta property=\"article:modified_time\" content=\"2018-08-25T09:41:00+00:00\" \/>\n<meta name=\"twitter:card\" content=\"summary_large_image\" \/>\n<meta name=\"twitter:label1\" content=\"Gesch\u00e4tzte Lesezeit\" \/>\n\t<meta name=\"twitter:data1\" content=\"2\u00a0Minuten\" \/>\n<script type=\"application\/ld+json\" class=\"yoast-schema-graph\">{\"@context\":\"https:\\\/\\\/schema.org\",\"@graph\":[{\"@type\":\"WebPage\",\"@id\":\"https:\\\/\\\/www.reimann-kahl.de\\\/en_en\\\/haftungsausschluss\\\/\",\"url\":\"https:\\\/\\\/www.reimann-kahl.de\\\/en_en\\\/haftungsausschluss\\\/\",\"name\":\"Reimann und Kahl Rohrkomponenten GmbH - Haftungsausschluss\",\"isPartOf\":{\"@id\":\"https:\\\/\\\/www.reimann-kahl.de\\\/de_de\\\/#website\"},\"datePublished\":\"2010-06-04T10:43:56+00:00\",\"dateModified\":\"2018-08-25T09:41:00+00:00\",\"breadcrumb\":{\"@id\":\"https:\\\/\\\/www.reimann-kahl.de\\\/en_en\\\/haftungsausschluss\\\/#breadcrumb\"},\"inLanguage\":\"de\",\"potentialAction\":[{\"@type\":\"ReadAction\",\"target\":[\"https:\\\/\\\/www.reimann-kahl.de\\\/en_en\\\/haftungsausschluss\\\/\"]}]},{\"@type\":\"BreadcrumbList\",\"@id\":\"https:\\\/\\\/www.reimann-kahl.de\\\/en_en\\\/haftungsausschluss\\\/#breadcrumb\",\"itemListElement\":[{\"@type\":\"ListItem\",\"position\":1,\"name\":\"Startseite\",\"item\":\"https:\\\/\\\/www.reimann-kahl.de\\\/de_de\\\/\"},{\"@type\":\"ListItem\",\"position\":2,\"name\":\"Haftungsausschluss\"}]},{\"@type\":\"WebSite\",\"@id\":\"https:\\\/\\\/www.reimann-kahl.de\\\/de_de\\\/#website\",\"url\":\"https:\\\/\\\/www.reimann-kahl.de\\\/de_de\\\/\",\"name\":\"Reimann und Kahl Rohrkomponenten GmbH\",\"description\":\"Basisprodukte f\u00fcr die Solarthermie\",\"publisher\":{\"@id\":\"https:\\\/\\\/www.reimann-kahl.de\\\/de_de\\\/#organization\"},\"potentialAction\":[{\"@type\":\"SearchAction\",\"target\":{\"@type\":\"EntryPoint\",\"urlTemplate\":\"https:\\\/\\\/www.reimann-kahl.de\\\/de_de\\\/?s={search_term_string}\"},\"query-input\":{\"@type\":\"PropertyValueSpecification\",\"valueRequired\":true,\"valueName\":\"search_term_string\"}}],\"inLanguage\":\"de\"},{\"@type\":\"Organization\",\"@id\":\"https:\\\/\\\/www.reimann-kahl.de\\\/de_de\\\/#organization\",\"name\":\"Reimann und Kahl Rohrkomponenten GmbH\",\"url\":\"https:\\\/\\\/www.reimann-kahl.de\\\/de_de\\\/\",\"logo\":{\"@type\":\"ImageObject\",\"inLanguage\":\"de\",\"@id\":\"https:\\\/\\\/www.reimann-kahl.de\\\/de_de\\\/#\\\/schema\\\/logo\\\/image\\\/\",\"url\":\"https:\\\/\\\/www.reimann-kahl.de\\\/wp-content\\\/uploads\\\/2018\\\/07\\\/logo2.png\",\"contentUrl\":\"https:\\\/\\\/www.reimann-kahl.de\\\/wp-content\\\/uploads\\\/2018\\\/07\\\/logo2.png\",\"width\":1459,\"height\":198,\"caption\":\"Reimann und Kahl Rohrkomponenten GmbH\"},\"image\":{\"@id\":\"https:\\\/\\\/www.reimann-kahl.de\\\/de_de\\\/#\\\/schema\\\/logo\\\/image\\\/\"}}]}<\/script>\n<!-- \/ Yoast SEO plugin. -->","yoast_head_json":{"title":"Reimann und Kahl Rohrkomponenten GmbH - Haftungsausschluss","robots":{"index":"noindex","follow":"follow"},"og_locale":"de_DE","og_type":"article","og_title":"Reimann und Kahl Rohrkomponenten GmbH - Haftungsausschluss","og_url":"https:\/\/www.reimann-kahl.de\/de_de\/haftungsausschluss\/","og_site_name":"Reimann und Kahl Rohrkomponenten GmbH","article_modified_time":"2018-08-25T09:41:00+00:00","twitter_card":"summary_large_image","twitter_misc":{"Gesch\u00e4tzte Lesezeit":"2\u00a0Minuten"},"schema":{"@context":"https:\/\/schema.org","@graph":[{"@type":"WebPage","@id":"https:\/\/www.reimann-kahl.de\/en_en\/haftungsausschluss\/","url":"https:\/\/www.reimann-kahl.de\/en_en\/haftungsausschluss\/","name":"Reimann und Kahl Rohrkomponenten GmbH - Haftungsausschluss","isPartOf":{"@id":"https:\/\/www.reimann-kahl.de\/de_de\/#website"},"datePublished":"2010-06-04T10:43:56+00:00","dateModified":"2018-08-25T09:41:00+00:00","breadcrumb":{"@id":"https:\/\/www.reimann-kahl.de\/en_en\/haftungsausschluss\/#breadcrumb"},"inLanguage":"de","potentialAction":[{"@type":"ReadAction","target":["https:\/\/www.reimann-kahl.de\/en_en\/haftungsausschluss\/"]}]},{"@type":"BreadcrumbList","@id":"https:\/\/www.reimann-kahl.de\/en_en\/haftungsausschluss\/#breadcrumb","itemListElement":[{"@type":"ListItem","position":1,"name":"Startseite","item":"https:\/\/www.reimann-kahl.de\/de_de\/"},{"@type":"ListItem","position":2,"name":"Haftungsausschluss"}]},{"@type":"WebSite","@id":"https:\/\/www.reimann-kahl.de\/de_de\/#website","url":"https:\/\/www.reimann-kahl.de\/de_de\/","name":"Reimann und Kahl Rohrkomponenten GmbH","description":"Basisprodukte f\u00fcr die Solarthermie","publisher":{"@id":"https:\/\/www.reimann-kahl.de\/de_de\/#organization"},"potentialAction":[{"@type":"SearchAction","target":{"@type":"EntryPoint","urlTemplate":"https:\/\/www.reimann-kahl.de\/de_de\/?s={search_term_string}"},"query-input":{"@type":"PropertyValueSpecification","valueRequired":true,"valueName":"search_term_string"}}],"inLanguage":"de"},{"@type":"Organization","@id":"https:\/\/www.reimann-kahl.de\/de_de\/#organization","name":"Reimann und Kahl Rohrkomponenten GmbH","url":"https:\/\/www.reimann-kahl.de\/de_de\/","logo":{"@type":"ImageObject","inLanguage":"de","@id":"https:\/\/www.reimann-kahl.de\/de_de\/#\/schema\/logo\/image\/","url":"https:\/\/www.reimann-kahl.de\/wp-content\/uploads\/2018\/07\/logo2.png","contentUrl":"https:\/\/www.reimann-kahl.de\/wp-content\/uploads\/2018\/07\/logo2.png","width":1459,"height":198,"caption":"Reimann und Kahl Rohrkomponenten GmbH"},"image":{"@id":"https:\/\/www.reimann-kahl.de\/de_de\/#\/schema\/logo\/image\/"}}]}},"_links":{"self":[{"href":"https:\/\/www.reimann-kahl.de\/de_de\/wp-json\/wp\/v2\/pages\/29","targetHints":{"allow":["GET"]}}],"collection":[{"href":"https:\/\/www.reimann-kahl.de\/de_de\/wp-json\/wp\/v2\/pages"}],"about":[{"href":"https:\/\/www.reimann-kahl.de\/de_de\/wp-json\/wp\/v2\/types\/page"}],"author":[{"embeddable":true,"href":"https:\/\/www.reimann-kahl.de\/de_de\/wp-json\/wp\/v2\/users\/3"}],"replies":[{"embeddable":true,"href":"https:\/\/www.reimann-kahl.de\/de_de\/wp-json\/wp\/v2\/comments?post=29"}],"version-history":[{"count":8,"href":"https:\/\/www.reimann-kahl.de\/de_de\/wp-json\/wp\/v2\/pages\/29\/revisions"}],"predecessor-version":[{"id":528,"href":"https:\/\/www.reimann-kahl.de\/de_de\/wp-json\/wp\/v2\/pages\/29\/revisions\/528"}],"wp:attachment":[{"href":"https:\/\/www.reimann-kahl.de\/de_de\/wp-json\/wp\/v2\/media?parent=29"}],"curies":[{"name":"wp","href":"https:\/\/api.w.org\/{rel}","templated":true}]}}