{"id":257,"date":"2015-10-21T12:34:01","date_gmt":"2015-10-21T12:34:01","guid":{"rendered":"http:\/\/test.kriesi.at\/construction\/?page_id=31"},"modified":"2018-06-30T09:23:38","modified_gmt":"2018-06-30T09:23:38","slug":"unternehmen","status":"publish","type":"page","link":"https:\/\/www.reimann-kahl.de\/de_de\/unternehmen\/","title":{"rendered":"Unternehmen"},"content":{"rendered":"<div id='av_section_1'  class='avia-section av-69c58h-1d0a323044c4e7bd2fb4f45d6f27e82a main_color avia-section-large avia-no-border-styling  avia-builder-el-0  avia-builder-el-no-sibling  avia-bg-style-scroll container_wrap sidebar_right'  ><div class='container av-section-cont-open' ><main  role=\"main\" itemprop=\"mainContentOfPage\"  class='template-page content  av-content-small alpha units'><div class='post-entry post-entry-type-page post-entry-257'><div class='entry-content-wrapper clearfix'>\n\n<style type=\"text\/css\" data-created_by=\"avia_inline_auto\" id=\"style-css-av-av_heading-ab32dcc40a97852d5d15bce057f6e9da\">\n#top .av-special-heading.av-av_heading-ab32dcc40a97852d5d15bce057f6e9da{\npadding-bottom:0;\n}\nbody .av-special-heading.av-av_heading-ab32dcc40a97852d5d15bce057f6e9da .av-special-heading-tag .heading-char{\nfont-size:25px;\n}\n.av-special-heading.av-av_heading-ab32dcc40a97852d5d15bce057f6e9da .av-subheading{\nfont-size:15px;\n}\n<\/style>\n<div  class='av-special-heading av-av_heading-ab32dcc40a97852d5d15bce057f6e9da av-special-heading-h2 blockquote modern-quote modern-centered  avia-builder-el-1  el_before_av_hr  avia-builder-el-first '><h2 class='av-special-heading-tag '  itemprop=\"headline\"  >Ihr Spezialist f\u00fcr Solar-, K\u00fchl- und W\u00e4rmetechnik<\/h2><div class=\"special-heading-border\"><div class=\"special-heading-inner-border\"><\/div><\/div><\/div>\n\n<style type=\"text\/css\" data-created_by=\"avia_inline_auto\" id=\"style-css-av-5wyqih-c0b6edee0a8ace6feb4fa38bde4dff32\">\n#top .hr.av-5wyqih-c0b6edee0a8ace6feb4fa38bde4dff32{\nmargin-top:5px;\nmargin-bottom:75px;\n}\n.hr.av-5wyqih-c0b6edee0a8ace6feb4fa38bde4dff32 .hr-inner{\nwidth:50px;\nborder-color:#01448c;\n}\n<\/style>\n<div  class='hr av-5wyqih-c0b6edee0a8ace6feb4fa38bde4dff32 hr-custom  avia-builder-el-2  el_after_av_heading  el_before_av_textblock  hr-center hr-icon-no'><span class='hr-inner inner-border-av-border-fat'><span class=\"hr-inner-style\"><\/span><\/span><\/div>\n<section  class='av_textblock_section av-jj166xqm-4b0a75f8bade07a2bc49c1a326f669a3 '   itemscope=\"itemscope\" itemtype=\"https:\/\/schema.org\/CreativeWork\" ><div class='avia_textblock'  itemprop=\"text\" ><p>Wir sind ein Unternehmen aus dem Bereich der Rohrkomponentenfertigung und haben uns auf Solar-, K\u00fchl- und W\u00e4rmetechnik spezialisiert.<\/p>\n<p>Durch den Einsatz von CNC gesteuerten Maschinen, erreichen wir eine Ma\u00dfgenauigkeit, wie sie f\u00fcr Ihre Weiterverarbeitung (Laser \u2013 oder Ultraschallschwei\u00dfen) erforderlich ist.<\/p>\n<p>Mit dieser Qualit\u00e4tsverbesserung verringert sich Ihr Fertigungsaufwand:<\/p>\n<ul>\n<li>kein Nachrichten<\/li>\n<li>kein Nachjustieren Ihrer Schwei\u00dfanlage<\/li>\n<li>keine unn\u00f6tigen Spannungen im Absorberblech<\/li>\n<\/ul>\n<p>Wir produzieren auf unserer Biegeanlage Rohrm\u00e4ander bis zu einer Gr\u00f6\u00dfe von 5000 x 2400 mm direkt vom Coil; ohne st\u00fcckeln, ohne L\u00f6ten.<\/p>\n<p>Die M\u00e4anderenden k\u00f6nnen wir mit folgenden Komponenten versehen:<\/p>\n<ul>\n<li>3D B\u00f6gen<\/li>\n<li>Verspr\u00fcngen<\/li>\n<li>L\u00f6tteilen<\/li>\n<li>St\u00fctzh\u00fclsen<\/li>\n<\/ul>\n<p>Dadurch bieten sich mehr M\u00f6glichkeiten f\u00fcr Ihre Konstruktion und Weiterverarbeitung. Die M\u00e4anderenden k\u00f6nnen z.B. durch die R\u00fcckwand des Kollektors gef\u00fchrt werden.<\/p>\n<p><strong>Nennen Sie uns Ihr Problem und wir suchen mit Ihnen gemeinsam eine L\u00f6sung!<\/strong><\/p>\n<\/div><\/section>\n<\/div><\/div><\/main><!-- close content main element --><\/div><\/div><div id='after_section_1'  class='main_color av_default_container_wrap container_wrap sidebar_right'  ><div class='container av-section-cont-open' ><div class='template-page content  av-content-small alpha units'><div class='post-entry post-entry-type-page post-entry-257'><div class='entry-content-wrapper clearfix'>\n","protected":false},"excerpt":{"rendered":"","protected":false},"author":3,"featured_media":0,"parent":0,"menu_order":0,"comment_status":"closed","ping_status":"closed","template":"","meta":{"footnotes":""},"class_list":["post-257","page","type-page","status-publish","hentry"],"yoast_head":"<!-- This site is optimized with the Yoast SEO plugin v27.4 - https:\/\/yoast.com\/product\/yoast-seo-wordpress\/ -->\n<title>Reimann und Kahl Rohrkomponenten GmbH - Unternehmen<\/title>\n<meta name=\"robots\" content=\"index, follow, max-snippet:-1, max-image-preview:large, max-video-preview:-1\" \/>\n<link rel=\"canonical\" href=\"https:\/\/www.reimann-kahl.de\/de_de\/unternehmen\/\" \/>\n<meta property=\"og:locale\" content=\"de_DE\" \/>\n<meta property=\"og:type\" content=\"article\" \/>\n<meta property=\"og:title\" content=\"Reimann und Kahl Rohrkomponenten GmbH - Unternehmen\" \/>\n<meta property=\"og:url\" content=\"https:\/\/www.reimann-kahl.de\/de_de\/unternehmen\/\" \/>\n<meta property=\"og:site_name\" content=\"Reimann und Kahl Rohrkomponenten GmbH\" \/>\n<meta property=\"article:modified_time\" content=\"2018-06-30T09:23:38+00:00\" \/>\n<meta name=\"twitter:card\" content=\"summary_large_image\" \/>\n<meta name=\"twitter:label1\" content=\"Gesch\u00e4tzte Lesezeit\" \/>\n\t<meta name=\"twitter:data1\" content=\"2\u00a0Minuten\" \/>\n<script type=\"application\/ld+json\" class=\"yoast-schema-graph\">{\"@context\":\"https:\\\/\\\/schema.org\",\"@graph\":[{\"@type\":\"WebPage\",\"@id\":\"https:\\\/\\\/www.reimann-kahl.de\\\/de_de\\\/unternehmen\\\/\",\"url\":\"https:\\\/\\\/www.reimann-kahl.de\\\/de_de\\\/unternehmen\\\/\",\"name\":\"Reimann und Kahl Rohrkomponenten GmbH - Unternehmen\",\"isPartOf\":{\"@id\":\"https:\\\/\\\/www.reimann-kahl.de\\\/de_de\\\/#website\"},\"datePublished\":\"2015-10-21T12:34:01+00:00\",\"dateModified\":\"2018-06-30T09:23:38+00:00\",\"breadcrumb\":{\"@id\":\"https:\\\/\\\/www.reimann-kahl.de\\\/de_de\\\/unternehmen\\\/#breadcrumb\"},\"inLanguage\":\"de\",\"potentialAction\":[{\"@type\":\"ReadAction\",\"target\":[\"https:\\\/\\\/www.reimann-kahl.de\\\/de_de\\\/unternehmen\\\/\"]}]},{\"@type\":\"BreadcrumbList\",\"@id\":\"https:\\\/\\\/www.reimann-kahl.de\\\/de_de\\\/unternehmen\\\/#breadcrumb\",\"itemListElement\":[{\"@type\":\"ListItem\",\"position\":1,\"name\":\"Startseite\",\"item\":\"https:\\\/\\\/www.reimann-kahl.de\\\/de_de\\\/\"},{\"@type\":\"ListItem\",\"position\":2,\"name\":\"Unternehmen\"}]},{\"@type\":\"WebSite\",\"@id\":\"https:\\\/\\\/www.reimann-kahl.de\\\/de_de\\\/#website\",\"url\":\"https:\\\/\\\/www.reimann-kahl.de\\\/de_de\\\/\",\"name\":\"Reimann und Kahl Rohrkomponenten GmbH\",\"description\":\"Basisprodukte f\u00fcr die Solarthermie\",\"publisher\":{\"@id\":\"https:\\\/\\\/www.reimann-kahl.de\\\/de_de\\\/#organization\"},\"potentialAction\":[{\"@type\":\"SearchAction\",\"target\":{\"@type\":\"EntryPoint\",\"urlTemplate\":\"https:\\\/\\\/www.reimann-kahl.de\\\/de_de\\\/?s={search_term_string}\"},\"query-input\":{\"@type\":\"PropertyValueSpecification\",\"valueRequired\":true,\"valueName\":\"search_term_string\"}}],\"inLanguage\":\"de\"},{\"@type\":\"Organization\",\"@id\":\"https:\\\/\\\/www.reimann-kahl.de\\\/de_de\\\/#organization\",\"name\":\"Reimann und Kahl Rohrkomponenten GmbH\",\"url\":\"https:\\\/\\\/www.reimann-kahl.de\\\/de_de\\\/\",\"logo\":{\"@type\":\"ImageObject\",\"inLanguage\":\"de\",\"@id\":\"https:\\\/\\\/www.reimann-kahl.de\\\/de_de\\\/#\\\/schema\\\/logo\\\/image\\\/\",\"url\":\"https:\\\/\\\/www.reimann-kahl.de\\\/wp-content\\\/uploads\\\/2018\\\/07\\\/logo2.png\",\"contentUrl\":\"https:\\\/\\\/www.reimann-kahl.de\\\/wp-content\\\/uploads\\\/2018\\\/07\\\/logo2.png\",\"width\":1459,\"height\":198,\"caption\":\"Reimann und Kahl Rohrkomponenten GmbH\"},\"image\":{\"@id\":\"https:\\\/\\\/www.reimann-kahl.de\\\/de_de\\\/#\\\/schema\\\/logo\\\/image\\\/\"}}]}<\/script>\n<!-- \/ Yoast SEO plugin. -->","yoast_head_json":{"title":"Reimann und Kahl Rohrkomponenten GmbH - Unternehmen","robots":{"index":"index","follow":"follow","max-snippet":"max-snippet:-1","max-image-preview":"max-image-preview:large","max-video-preview":"max-video-preview:-1"},"canonical":"https:\/\/www.reimann-kahl.de\/de_de\/unternehmen\/","og_locale":"de_DE","og_type":"article","og_title":"Reimann und Kahl Rohrkomponenten GmbH - Unternehmen","og_url":"https:\/\/www.reimann-kahl.de\/de_de\/unternehmen\/","og_site_name":"Reimann und Kahl Rohrkomponenten GmbH","article_modified_time":"2018-06-30T09:23:38+00:00","twitter_card":"summary_large_image","twitter_misc":{"Gesch\u00e4tzte Lesezeit":"2\u00a0Minuten"},"schema":{"@context":"https:\/\/schema.org","@graph":[{"@type":"WebPage","@id":"https:\/\/www.reimann-kahl.de\/de_de\/unternehmen\/","url":"https:\/\/www.reimann-kahl.de\/de_de\/unternehmen\/","name":"Reimann und Kahl Rohrkomponenten GmbH - Unternehmen","isPartOf":{"@id":"https:\/\/www.reimann-kahl.de\/de_de\/#website"},"datePublished":"2015-10-21T12:34:01+00:00","dateModified":"2018-06-30T09:23:38+00:00","breadcrumb":{"@id":"https:\/\/www.reimann-kahl.de\/de_de\/unternehmen\/#breadcrumb"},"inLanguage":"de","potentialAction":[{"@type":"ReadAction","target":["https:\/\/www.reimann-kahl.de\/de_de\/unternehmen\/"]}]},{"@type":"BreadcrumbList","@id":"https:\/\/www.reimann-kahl.de\/de_de\/unternehmen\/#breadcrumb","itemListElement":[{"@type":"ListItem","position":1,"name":"Startseite","item":"https:\/\/www.reimann-kahl.de\/de_de\/"},{"@type":"ListItem","position":2,"name":"Unternehmen"}]},{"@type":"WebSite","@id":"https:\/\/www.reimann-kahl.de\/de_de\/#website","url":"https:\/\/www.reimann-kahl.de\/de_de\/","name":"Reimann und Kahl Rohrkomponenten GmbH","description":"Basisprodukte f\u00fcr die Solarthermie","publisher":{"@id":"https:\/\/www.reimann-kahl.de\/de_de\/#organization"},"potentialAction":[{"@type":"SearchAction","target":{"@type":"EntryPoint","urlTemplate":"https:\/\/www.reimann-kahl.de\/de_de\/?s={search_term_string}"},"query-input":{"@type":"PropertyValueSpecification","valueRequired":true,"valueName":"search_term_string"}}],"inLanguage":"de"},{"@type":"Organization","@id":"https:\/\/www.reimann-kahl.de\/de_de\/#organization","name":"Reimann und Kahl Rohrkomponenten GmbH","url":"https:\/\/www.reimann-kahl.de\/de_de\/","logo":{"@type":"ImageObject","inLanguage":"de","@id":"https:\/\/www.reimann-kahl.de\/de_de\/#\/schema\/logo\/image\/","url":"https:\/\/www.reimann-kahl.de\/wp-content\/uploads\/2018\/07\/logo2.png","contentUrl":"https:\/\/www.reimann-kahl.de\/wp-content\/uploads\/2018\/07\/logo2.png","width":1459,"height":198,"caption":"Reimann und Kahl Rohrkomponenten GmbH"},"image":{"@id":"https:\/\/www.reimann-kahl.de\/de_de\/#\/schema\/logo\/image\/"}}]}},"_links":{"self":[{"href":"https:\/\/www.reimann-kahl.de\/de_de\/wp-json\/wp\/v2\/pages\/257","targetHints":{"allow":["GET"]}}],"collection":[{"href":"https:\/\/www.reimann-kahl.de\/de_de\/wp-json\/wp\/v2\/pages"}],"about":[{"href":"https:\/\/www.reimann-kahl.de\/de_de\/wp-json\/wp\/v2\/types\/page"}],"author":[{"embeddable":true,"href":"https:\/\/www.reimann-kahl.de\/de_de\/wp-json\/wp\/v2\/users\/3"}],"replies":[{"embeddable":true,"href":"https:\/\/www.reimann-kahl.de\/de_de\/wp-json\/wp\/v2\/comments?post=257"}],"version-history":[{"count":4,"href":"https:\/\/www.reimann-kahl.de\/de_de\/wp-json\/wp\/v2\/pages\/257\/revisions"}],"predecessor-version":[{"id":344,"href":"https:\/\/www.reimann-kahl.de\/de_de\/wp-json\/wp\/v2\/pages\/257\/revisions\/344"}],"wp:attachment":[{"href":"https:\/\/www.reimann-kahl.de\/de_de\/wp-json\/wp\/v2\/media?parent=257"}],"curies":[{"name":"wp","href":"https:\/\/api.w.org\/{rel}","templated":true}]}}