{"id":253,"date":"2015-10-15T14:50:55","date_gmt":"2015-10-15T14:50:55","guid":{"rendered":"http:\/\/wpoffice\/construction\/?page_id=9"},"modified":"2018-10-23T17:45:05","modified_gmt":"2018-10-23T17:45:05","slug":"startseite","status":"publish","type":"page","link":"https:\/\/www.reimann-kahl.de\/de_de\/","title":{"rendered":"Startseite"},"content":{"rendered":"<div id='layer_slider_1'  class='avia-layerslider main_color avia-shadow  avia-builder-el-0  el_before_av_section  avia-builder-el-first  container_wrap sidebar_right'  style='height: 401px; max-width: 1280px; margin: 0 auto;'  ><\/div>\n\n<style type=\"text\/css\" data-created_by=\"avia_inline_auto\" id=\"style-css-av-brn3jp-6cd788cb37fd7d3fc4f339c6889b36c8\">\n.avia-section.av-brn3jp-6cd788cb37fd7d3fc4f339c6889b36c8{\nbackground-color:#01458c;\nbackground-image:unset;\n}\n<\/style>\n<div id='av_section_1'  class='avia-section av-brn3jp-6cd788cb37fd7d3fc4f339c6889b36c8 main_color avia-section-default avia-no-border-styling  avia-builder-el-1  el_after_av_layerslider  el_before_av_one_full  avia-bg-style-fixed container_wrap sidebar_right'  ><div class='container av-section-cont-open' ><div class='template-page content  av-content-small alpha units'><div class='post-entry post-entry-type-page post-entry-253'><div class='entry-content-wrapper clearfix'>\n\n<style type=\"text\/css\" data-created_by=\"avia_inline_auto\" id=\"style-css-av-jirctkpy-231995bc89f3d53fbd0646542e06b656\">\n.flex_column.av-jirctkpy-231995bc89f3d53fbd0646542e06b656{\nborder-radius:0px 0px 0px 0px;\npadding:0px 0px 0px 0px;\n}\n<\/style>\n<div  class='flex_column av-jirctkpy-231995bc89f3d53fbd0646542e06b656 av_one_full  avia-builder-el-2  avia-builder-el-no-sibling  first flex_column_div av-zero-column-padding  '     ><section  class='av_textblock_section av-jircu6ac-6541f067df37ad1ab00817ef6d6436af '   itemscope=\"itemscope\" itemtype=\"https:\/\/schema.org\/CreativeWork\" ><div class='avia_textblock'  itemprop=\"text\" ><p><span style=\"color: #ffffff;\">Wir sind ein Unternehmen aus dem Bereich der Rohrkomponentenfertigung und haben uns auf Solar-, K\u00fchl- und W\u00e4rmetechnik spezialisiert.<\/span><\/p>\n<\/div><\/section><\/div>\n<\/div><\/div><\/div><!-- close content main div --><\/div><\/div><div id='after_section_1'  class='main_color av_default_container_wrap container_wrap sidebar_right'  ><div class='container av-section-cont-open' ><div class='template-page content  av-content-small alpha units'><div class='post-entry post-entry-type-page post-entry-253'><div class='entry-content-wrapper clearfix'>\n\n<style type=\"text\/css\" data-created_by=\"avia_inline_auto\" id=\"style-css-av-oy6at-4fe5ca04beb8188159f84656eb4d69aa\">\n.flex_column.av-oy6at-4fe5ca04beb8188159f84656eb4d69aa{\nborder-radius:0px 0px 0px 0px;\npadding:0px 0px 0px 0px;\n}\n<\/style>\n<div  class='flex_column av-oy6at-4fe5ca04beb8188159f84656eb4d69aa av_one_full  avia-builder-el-4  el_after_av_section  el_before_av_one_full  avia-builder-el-first  first flex_column_div av-zero-column-padding  '     ><p>\n<style type=\"text\/css\" data-created_by=\"avia_inline_auto\" id=\"style-css-av-29qbp-f5fbaee2cb7e52e4884edeb50e270896\">\n#top .av-special-heading.av-29qbp-f5fbaee2cb7e52e4884edeb50e270896{\npadding-bottom:0;\n}\nbody .av-special-heading.av-29qbp-f5fbaee2cb7e52e4884edeb50e270896 .av-special-heading-tag .heading-char{\nfont-size:25px;\n}\n.av-special-heading.av-29qbp-f5fbaee2cb7e52e4884edeb50e270896 .av-subheading{\nfont-size:15px;\n}\n<\/style>\n<div  class='av-special-heading av-29qbp-f5fbaee2cb7e52e4884edeb50e270896 av-special-heading-h2 blockquote modern-quote modern-centered  avia-builder-el-5  el_before_av_hr  avia-builder-el-first '><h2 class='av-special-heading-tag '  itemprop=\"headline\"  >Unser Service<\/h2><div class=\"special-heading-border\"><div class=\"special-heading-inner-border\"><\/div><\/div><\/div><br \/>\n\n<style type=\"text\/css\" data-created_by=\"avia_inline_auto\" id=\"style-css-av-am80j9-3bd22e2584ea84e1d3ef308c21bce111\">\n#top .hr.av-am80j9-3bd22e2584ea84e1d3ef308c21bce111{\nmargin-top:5px;\nmargin-bottom:35px;\n}\n.hr.av-am80j9-3bd22e2584ea84e1d3ef308c21bce111 .hr-inner{\nwidth:50px;\nborder-color:#01458c;\n}\n<\/style>\n<div  class='hr av-am80j9-3bd22e2584ea84e1d3ef308c21bce111 hr-custom  avia-builder-el-6  el_after_av_heading  el_before_av_textblock  hr-center hr-icon-no'><span class='hr-inner inner-border-av-border-fat'><span class=\"hr-inner-style\"><\/span><\/span><\/div><br \/>\n<section  class='av_textblock_section av-jj4kkps4-3117c26af9cbdde2d13b8b5072c732ec '   itemscope=\"itemscope\" itemtype=\"https:\/\/schema.org\/CreativeWork\" ><div class='avia_textblock'  itemprop=\"text\" ><p style=\"text-align: center;\">Durch den Einsatz von CNC-gesteuerten Biegeanlagen sind wir in der Lage M\u00e4ander in nahezu jeder Form und Gr\u00f6\u00dfe mit einer Ma\u00dfhaltigkeit zu produzieren, wie Sie es f\u00fcr die Weiterverarbeitung brauchen.<\/p>\n<p style=\"text-align: center;\">Auf vier Biegeanlagen haben wir im Moment eine <strong>Biegekapazit\u00e4t von 1.000.000 m\u00b2<\/strong> pro Jahr.<\/p>\n<p style=\"text-align: center;\">Durch unseren eigenen Maschinenbau k\u00f6nnen wir diese Kapazit\u00e4t st\u00e4ndig erweitern.<\/p>\n<p style=\"text-align: center;\">Haben Sie Fragen?<\/p>\n<p style=\"text-align: center;\">Dann rufen Sie uns an unter 036071 91710 oder <a href=\"\/kontakt\/\">schreiben Sie uns eine E-Mail<\/a>!<\/p>\n<p style=\"text-align: center;\">Wir unterbreiten Ihnen gern ein kostenloses und unverbindliches Angebot.<\/p>\n<p style=\"text-align: center;\"><strong>Wir biegen das schon hin!<\/strong><\/p>\n<\/div><\/section><\/p><\/div>\n\n<style type=\"text\/css\" data-created_by=\"avia_inline_auto\" id=\"style-css-av-dlhc5-1b1229738f6269fce54a6108bfe1878e\">\n.flex_column.av-dlhc5-1b1229738f6269fce54a6108bfe1878e{\nborder-radius:0px 0px 0px 0px;\npadding:0px 0px 0px 0px;\n}\n<\/style>\n<div  class='flex_column av-dlhc5-1b1229738f6269fce54a6108bfe1878e av_one_full  avia-builder-el-8  el_after_av_one_full  avia-builder-el-last  first flex_column_div av-zero-column-padding  column-top-margin'     ><p>\n<style type=\"text\/css\" data-created_by=\"avia_inline_auto\" id=\"style-css-av-8jvj1-2059754b68924375e40c01904841cd67\">\n#top .av-special-heading.av-8jvj1-2059754b68924375e40c01904841cd67{\npadding-bottom:0;\n}\nbody .av-special-heading.av-8jvj1-2059754b68924375e40c01904841cd67 .av-special-heading-tag .heading-char{\nfont-size:25px;\n}\n.av-special-heading.av-8jvj1-2059754b68924375e40c01904841cd67 .av-subheading{\nfont-size:15px;\n}\n<\/style>\n<div  class='av-special-heading av-8jvj1-2059754b68924375e40c01904841cd67 av-special-heading-h2 blockquote modern-quote modern-centered  avia-builder-el-9  el_before_av_hr  avia-builder-el-first '><h2 class='av-special-heading-tag '  itemprop=\"headline\"  >Partner<\/h2><div class=\"special-heading-border\"><div class=\"special-heading-inner-border\"><\/div><\/div><\/div><br \/>\n\n<style type=\"text\/css\" data-created_by=\"avia_inline_auto\" id=\"style-css-av-1v4s1x-c098dac398e2faca9356235ebd9282e5\">\n#top .hr.av-1v4s1x-c098dac398e2faca9356235ebd9282e5{\nmargin-top:5px;\nmargin-bottom:35px;\n}\n.hr.av-1v4s1x-c098dac398e2faca9356235ebd9282e5 .hr-inner{\nwidth:50px;\nborder-color:#01458c;\n}\n<\/style>\n<div  class='hr av-1v4s1x-c098dac398e2faca9356235ebd9282e5 hr-custom  avia-builder-el-10  el_after_av_heading  el_before_av_textblock  hr-center hr-icon-no'><span class='hr-inner inner-border-av-border-fat'><span class=\"hr-inner-style\"><\/span><\/span><\/div><br \/>\n<section  class='av_textblock_section av-jj5xu8d3-c86682e3fc8229cdcb8ae7da667ace20 '   itemscope=\"itemscope\" itemtype=\"https:\/\/schema.org\/CreativeWork\" ><div class='avia_textblock'  itemprop=\"text\" ><p style=\"text-align: center;\">Kein Unternehmen auf der Welt kann bestehen oder handeln, h\u00e4tte es nicht stets starke Partner an seiner Seite. Wir freuen uns solche Partner gefunden zu haben und m\u00f6chten Ihnen diese gern pr\u00e4sentieren.<\/p>\n<\/div><\/section><br \/>\n\n<style type=\"text\/css\" data-created_by=\"avia_inline_auto\" id=\"style-css-av-jj5xyf10-abd312e01eb7c6d8c07c20a37c4434ac\">\n.avia-logo-element-container.av-jj5xyf10-abd312e01eb7c6d8c07c20a37c4434ac .av-partner-fake-img{\nbackground-size:cover;\n}\n<\/style>\n<div  class='avia-logo-element-container av-jj5xyf10-abd312e01eb7c6d8c07c20a37c4434ac avia-logo-grid avia-content-slider avia-smallarrow-slider avia-content-grid-active noHover avia-content-slider-even  avia-builder-el-12  el_after_av_textblock  avia-builder-el-last  avia-content-slider1' ><div class='avia-smallarrow-slider-heading  no-logo-slider-heading '><div class='new-special-heading'>&nbsp;<\/div><\/div><div class=\"avia-content-slider-inner\"><div class=\"slide-entry-wrap\"><div  class='slide-entry av-jc1al-81bd1c37a66da51f96365db76f6b6a3f flex_column no_margin av_one_fourth real-thumbnail post-entry slide-entry-overview slide-loop-1 slide-parity-odd  first'><span class='av-partner-fake-img' style='padding-bottom:62.6666666667%; background-image:url(https:\/\/www.reimann-kahl.de\/wp-content\/uploads\/2018\/07\/spitz_cnc_maschinentechnik-300x188.jpg);'><\/span><\/div><div  class='slide-entry av-d2n3h-42ae76261973075a1ed45a3421c0c7ce flex_column no_margin av_one_fourth real-thumbnail post-entry slide-entry-overview slide-loop-2 slide-parity-even  '><span class='av-partner-fake-img' style='padding-bottom:62.6666666667%; background-image:url(https:\/\/www.reimann-kahl.de\/wp-content\/uploads\/2018\/07\/robi_biegezentrum-300x188.jpg);'><\/span><\/div><div  class='slide-entry av-hbpwd-149db299c46872c654f8ee7ca833b3e4 flex_column no_margin av_one_fourth real-thumbnail post-entry slide-entry-overview slide-loop-3 slide-parity-odd  '><a href=\"https:\/\/webdesign-kaufhold.de\/\" data-rel='slide-1' class='slide-image' title=''  target=\"_blank\"  rel=\"noopener noreferrer\"><span class='av-partner-fake-img' style='padding-bottom:62.6666666667%; background-image:url(https:\/\/www.reimann-kahl.de\/wp-content\/uploads\/2018\/07\/webdesign_pascal_kaufhold-300x188.jpg);'><\/span><\/a><\/div><div  class='slide-entry av-9wgr9-65d10859be443cdae7ba1d703b9adc96 flex_column no_margin av_one_fourth real-thumbnail post-entry slide-entry-overview slide-loop-4 slide-parity-even post-entry-last '><span class='av-partner-fake-img' style='padding-bottom:62.6666666667%; background-image:url(https:\/\/www.reimann-kahl.de\/wp-content\/uploads\/2018\/07\/stahlbau_reimann-300x188.jpg);'><\/span><\/div><\/div><\/div><\/div><\/p><\/div>\n","protected":false},"excerpt":{"rendered":"","protected":false},"author":3,"featured_media":0,"parent":0,"menu_order":0,"comment_status":"closed","ping_status":"closed","template":"","meta":{"footnotes":""},"class_list":["post-253","page","type-page","status-publish","hentry"],"yoast_head":"<!-- This site is optimized with the Yoast SEO plugin v27.5 - https:\/\/yoast.com\/product\/yoast-seo-wordpress\/ -->\n<title>Reimann und Kahl Rohrkomponenten GmbH | Rohrbiegung - M\u00e4ander - Serpentine<\/title>\n<meta name=\"description\" content=\"Wir sind ein Unternehmen aus dem Bereich der Rohrkomponentenfertigung und haben uns auf Solar-, K\u00fchl- und W\u00e4rmetechnik spezialisiert.\" \/>\n<meta name=\"robots\" content=\"index, follow, max-snippet:-1, max-image-preview:large, max-video-preview:-1\" \/>\n<link rel=\"canonical\" href=\"https:\/\/www.reimann-kahl.de\/de_de\/\" \/>\n<meta property=\"og:locale\" content=\"de_DE\" \/>\n<meta property=\"og:type\" content=\"article\" \/>\n<meta property=\"og:title\" content=\"Reimann und Kahl Rohrkomponenten GmbH | Rohrbiegung - M\u00e4ander - Serpentine\" \/>\n<meta property=\"og:description\" content=\"Wir sind ein Unternehmen aus dem Bereich der Rohrkomponentenfertigung und haben uns auf Solar-, K\u00fchl- und W\u00e4rmetechnik spezialisiert.\" \/>\n<meta property=\"og:url\" content=\"https:\/\/www.reimann-kahl.de\/de_de\/\" \/>\n<meta property=\"og:site_name\" content=\"Reimann und Kahl Rohrkomponenten GmbH\" \/>\n<meta property=\"article:modified_time\" content=\"2018-10-23T17:45:05+00:00\" \/>\n<meta name=\"twitter:card\" content=\"summary_large_image\" \/>\n<meta name=\"twitter:label1\" content=\"Gesch\u00e4tzte Lesezeit\" \/>\n\t<meta name=\"twitter:data1\" content=\"5\u00a0Minuten\" \/>\n<script type=\"application\/ld+json\" class=\"yoast-schema-graph\">{\"@context\":\"https:\\\/\\\/schema.org\",\"@graph\":[{\"@type\":\"WebPage\",\"@id\":\"https:\\\/\\\/www.reimann-kahl.de\\\/de_de\\\/\",\"url\":\"https:\\\/\\\/www.reimann-kahl.de\\\/de_de\\\/\",\"name\":\"Reimann und Kahl Rohrkomponenten GmbH | Rohrbiegung - M\u00e4ander - Serpentine\",\"isPartOf\":{\"@id\":\"https:\\\/\\\/www.reimann-kahl.de\\\/de_de\\\/#website\"},\"datePublished\":\"2015-10-15T14:50:55+00:00\",\"dateModified\":\"2018-10-23T17:45:05+00:00\",\"description\":\"Wir sind ein Unternehmen aus dem Bereich der Rohrkomponentenfertigung und haben uns auf Solar-, K\u00fchl- und W\u00e4rmetechnik spezialisiert.\",\"breadcrumb\":{\"@id\":\"https:\\\/\\\/www.reimann-kahl.de\\\/de_de\\\/#breadcrumb\"},\"inLanguage\":\"de\",\"potentialAction\":[{\"@type\":\"ReadAction\",\"target\":[\"https:\\\/\\\/www.reimann-kahl.de\\\/de_de\\\/\"]}]},{\"@type\":\"BreadcrumbList\",\"@id\":\"https:\\\/\\\/www.reimann-kahl.de\\\/de_de\\\/#breadcrumb\",\"itemListElement\":[{\"@type\":\"ListItem\",\"position\":1,\"name\":\"Startseite\",\"item\":\"https:\\\/\\\/www.reimann-kahl.de\\\/de_de\\\/\"},{\"@type\":\"ListItem\",\"position\":2,\"name\":\"Startseite\"}]},{\"@type\":\"WebSite\",\"@id\":\"https:\\\/\\\/www.reimann-kahl.de\\\/de_de\\\/#website\",\"url\":\"https:\\\/\\\/www.reimann-kahl.de\\\/de_de\\\/\",\"name\":\"Reimann und Kahl Rohrkomponenten GmbH\",\"description\":\"Basisprodukte f\u00fcr die Solarthermie\",\"publisher\":{\"@id\":\"https:\\\/\\\/www.reimann-kahl.de\\\/de_de\\\/#organization\"},\"potentialAction\":[{\"@type\":\"SearchAction\",\"target\":{\"@type\":\"EntryPoint\",\"urlTemplate\":\"https:\\\/\\\/www.reimann-kahl.de\\\/de_de\\\/?s={search_term_string}\"},\"query-input\":{\"@type\":\"PropertyValueSpecification\",\"valueRequired\":true,\"valueName\":\"search_term_string\"}}],\"inLanguage\":\"de\"},{\"@type\":\"Organization\",\"@id\":\"https:\\\/\\\/www.reimann-kahl.de\\\/de_de\\\/#organization\",\"name\":\"Reimann und Kahl Rohrkomponenten GmbH\",\"url\":\"https:\\\/\\\/www.reimann-kahl.de\\\/de_de\\\/\",\"logo\":{\"@type\":\"ImageObject\",\"inLanguage\":\"de\",\"@id\":\"https:\\\/\\\/www.reimann-kahl.de\\\/de_de\\\/#\\\/schema\\\/logo\\\/image\\\/\",\"url\":\"https:\\\/\\\/www.reimann-kahl.de\\\/wp-content\\\/uploads\\\/2018\\\/07\\\/logo2.png\",\"contentUrl\":\"https:\\\/\\\/www.reimann-kahl.de\\\/wp-content\\\/uploads\\\/2018\\\/07\\\/logo2.png\",\"width\":1459,\"height\":198,\"caption\":\"Reimann und Kahl Rohrkomponenten GmbH\"},\"image\":{\"@id\":\"https:\\\/\\\/www.reimann-kahl.de\\\/de_de\\\/#\\\/schema\\\/logo\\\/image\\\/\"}}]}<\/script>\n<!-- \/ Yoast SEO plugin. -->","yoast_head_json":{"title":"Reimann und Kahl Rohrkomponenten GmbH | Rohrbiegung - M\u00e4ander - Serpentine","description":"Wir sind ein Unternehmen aus dem Bereich der Rohrkomponentenfertigung und haben uns auf Solar-, K\u00fchl- und W\u00e4rmetechnik spezialisiert.","robots":{"index":"index","follow":"follow","max-snippet":"max-snippet:-1","max-image-preview":"max-image-preview:large","max-video-preview":"max-video-preview:-1"},"canonical":"https:\/\/www.reimann-kahl.de\/de_de\/","og_locale":"de_DE","og_type":"article","og_title":"Reimann und Kahl Rohrkomponenten GmbH | Rohrbiegung - M\u00e4ander - Serpentine","og_description":"Wir sind ein Unternehmen aus dem Bereich der Rohrkomponentenfertigung und haben uns auf Solar-, K\u00fchl- und W\u00e4rmetechnik spezialisiert.","og_url":"https:\/\/www.reimann-kahl.de\/de_de\/","og_site_name":"Reimann und Kahl Rohrkomponenten GmbH","article_modified_time":"2018-10-23T17:45:05+00:00","twitter_card":"summary_large_image","twitter_misc":{"Gesch\u00e4tzte Lesezeit":"5\u00a0Minuten"},"schema":{"@context":"https:\/\/schema.org","@graph":[{"@type":"WebPage","@id":"https:\/\/www.reimann-kahl.de\/de_de\/","url":"https:\/\/www.reimann-kahl.de\/de_de\/","name":"Reimann und Kahl Rohrkomponenten GmbH | Rohrbiegung - M\u00e4ander - Serpentine","isPartOf":{"@id":"https:\/\/www.reimann-kahl.de\/de_de\/#website"},"datePublished":"2015-10-15T14:50:55+00:00","dateModified":"2018-10-23T17:45:05+00:00","description":"Wir sind ein Unternehmen aus dem Bereich der Rohrkomponentenfertigung und haben uns auf Solar-, K\u00fchl- und W\u00e4rmetechnik spezialisiert.","breadcrumb":{"@id":"https:\/\/www.reimann-kahl.de\/de_de\/#breadcrumb"},"inLanguage":"de","potentialAction":[{"@type":"ReadAction","target":["https:\/\/www.reimann-kahl.de\/de_de\/"]}]},{"@type":"BreadcrumbList","@id":"https:\/\/www.reimann-kahl.de\/de_de\/#breadcrumb","itemListElement":[{"@type":"ListItem","position":1,"name":"Startseite","item":"https:\/\/www.reimann-kahl.de\/de_de\/"},{"@type":"ListItem","position":2,"name":"Startseite"}]},{"@type":"WebSite","@id":"https:\/\/www.reimann-kahl.de\/de_de\/#website","url":"https:\/\/www.reimann-kahl.de\/de_de\/","name":"Reimann und Kahl Rohrkomponenten GmbH","description":"Basisprodukte f\u00fcr die Solarthermie","publisher":{"@id":"https:\/\/www.reimann-kahl.de\/de_de\/#organization"},"potentialAction":[{"@type":"SearchAction","target":{"@type":"EntryPoint","urlTemplate":"https:\/\/www.reimann-kahl.de\/de_de\/?s={search_term_string}"},"query-input":{"@type":"PropertyValueSpecification","valueRequired":true,"valueName":"search_term_string"}}],"inLanguage":"de"},{"@type":"Organization","@id":"https:\/\/www.reimann-kahl.de\/de_de\/#organization","name":"Reimann und Kahl Rohrkomponenten GmbH","url":"https:\/\/www.reimann-kahl.de\/de_de\/","logo":{"@type":"ImageObject","inLanguage":"de","@id":"https:\/\/www.reimann-kahl.de\/de_de\/#\/schema\/logo\/image\/","url":"https:\/\/www.reimann-kahl.de\/wp-content\/uploads\/2018\/07\/logo2.png","contentUrl":"https:\/\/www.reimann-kahl.de\/wp-content\/uploads\/2018\/07\/logo2.png","width":1459,"height":198,"caption":"Reimann und Kahl Rohrkomponenten GmbH"},"image":{"@id":"https:\/\/www.reimann-kahl.de\/de_de\/#\/schema\/logo\/image\/"}}]}},"_links":{"self":[{"href":"https:\/\/www.reimann-kahl.de\/de_de\/wp-json\/wp\/v2\/pages\/253","targetHints":{"allow":["GET"]}}],"collection":[{"href":"https:\/\/www.reimann-kahl.de\/de_de\/wp-json\/wp\/v2\/pages"}],"about":[{"href":"https:\/\/www.reimann-kahl.de\/de_de\/wp-json\/wp\/v2\/types\/page"}],"author":[{"embeddable":true,"href":"https:\/\/www.reimann-kahl.de\/de_de\/wp-json\/wp\/v2\/users\/3"}],"replies":[{"embeddable":true,"href":"https:\/\/www.reimann-kahl.de\/de_de\/wp-json\/wp\/v2\/comments?post=253"}],"version-history":[{"count":43,"href":"https:\/\/www.reimann-kahl.de\/de_de\/wp-json\/wp\/v2\/pages\/253\/revisions"}],"predecessor-version":[{"id":573,"href":"https:\/\/www.reimann-kahl.de\/de_de\/wp-json\/wp\/v2\/pages\/253\/revisions\/573"}],"wp:attachment":[{"href":"https:\/\/www.reimann-kahl.de\/de_de\/wp-json\/wp\/v2\/media?parent=253"}],"curies":[{"name":"wp","href":"https:\/\/api.w.org\/{rel}","templated":true}]}}